{"id":15,"date":"2022-03-14T10:36:07","date_gmt":"2022-03-14T10:36:07","guid":{"rendered":"http:\/\/ii5cdb"},"modified":"2022-04-08T08:09:47","modified_gmt":"2022-04-08T08:09:47","slug":"politique-de-confidentialite","status":"publish","type":"page","link":"https:\/\/www.loscolmenares.com\/fr\/politica-de-privacidad\/","title":{"rendered":"Politique de confidentialit\u00e9"},"content":{"rendered":"<p>Chez MIGUEL COLMENARES PLANAS, nous nous effor\u00e7ons de vous offrir la meilleure exp\u00e9rience possible avec nos produits et services. Dans certains cas, il est n\u00e9cessaire de collecter des informations pour y parvenir. Nous nous soucions de votre vie priv\u00e9e et nous pensons que nous devons \u00eatre transparents \u00e0 ce sujet.<\/p>\n\n\n\n<p>Par cons\u00e9quent, et aux fins des dispositions du R\u00c8GLEMENT (UE) 2016\/679 DU PARLEMENT EUROP\u00c9EN ET DU PARLEMENT DE L'UNION EUROP\u00c9ENNE<br>CONSEIL du 27 avril 2016 (ci-apr\u00e8s, \" RGPD \") sur la protection des personnes physiques \u00e0 l'\u00e9gard du traitement des donn\u00e9es \u00e0 caract\u00e8re personnel et la libre circulation de ces donn\u00e9es, et la LOI 34\/2002, du 11 juillet, sur les services de la soci\u00e9t\u00e9 de l'information et le commerce \u00e9lectronique (ci-apr\u00e8s, \" LSSI \"), MIGUEL COLMENARES PLANAS informe l'utilisateur que, en tant que responsable du traitement des donn\u00e9es, il incorporera les donn\u00e9es personnelles fournies par les utilisateurs dans un fichier automatis\u00e9.<\/p>\n\n\n\n<p>Notre engagement commence par vous expliquer ce qui suit :<\/p>\n\n\n\n<ul class=\"wp-block-list\"><li>Vos donn\u00e9es sont collect\u00e9es pour am\u00e9liorer l'exp\u00e9rience utilisateur, en fonction de vos int\u00e9r\u00eats et de vos besoins.<\/li><li>Nous sommes transparents quant aux donn\u00e9es que nous recueillons \u00e0 votre sujet et aux raisons pour lesquelles nous les recueillons.<\/li><li>Notre objectif est de vous offrir la meilleure exp\u00e9rience possible. Par cons\u00e9quent, lorsque nous utilisons vos informations personnelles, nous le faisons toujours de mani\u00e8re conforme et, si n\u00e9cessaire, nous vous demandons votre consentement.<\/li><li>Nous comprenons que vos donn\u00e9es vous appartiennent. Par cons\u00e9quent, si vous d\u00e9cidez de ne pas nous autoriser \u00e0 les traiter, vous pouvez nous demander de cesser de les traiter.<\/li><li>Notre priorit\u00e9 est d'assurer votre s\u00e9curit\u00e9 et de traiter vos donn\u00e9es conform\u00e9ment \u00e0 la r\u00e9glementation europ\u00e9enne.<\/li><\/ul>\n\n\n\n<p>Si vous souhaitez obtenir plus d'informations sur la mani\u00e8re dont nous traitons vos donn\u00e9es, veuillez consulter les diff\u00e9rentes sections de la politique de confidentialit\u00e9 ci-dessous :<\/p>\n\n\n\n<h2 class=\"wp-block-heading\">Qui est le responsable du traitement de vos donn\u00e9es personnelles ?<\/h2>\n\n\n\n<p>Identit\u00e9 : MIGUEL COLMENARES PLANAS<\/p>\n\n\n\n<p>Si\u00e8ge social : CALLE MAYOR N\u00ba 9, Cuzcurrita de R\u00edo Tir\u00f3n (La Rioja)<\/p>\n\n\n\n<p>N\u00b0 C.I.F. : 07216858X<\/p>\n\n\n\n<p>Courriel : casa@loscolmenares.com<\/p>\n\n\n\n<p>MIGUEL COLMENARES PLANAS a d\u00e9sign\u00e9 un d\u00e9l\u00e9gu\u00e9 \u00e0 la protection des donn\u00e9es ou une personne de contact interne au sein de son organisation. Si vous souhaitez poser une question concernant le traitement de vos donn\u00e9es personnelles, vous pouvez le contacter en envoyant un courriel \u00e0 casa@loscolmenares.com.<\/p>\n\n\n\n<h2 class=\"wp-block-heading\">Quelles sont les donn\u00e9es personnelles que nous collectons ?<\/h2>\n\n\n\n<p>Les donn\u00e9es personnelles que l'utilisateur peut fournir :<\/p>\n\n\n\n<ul class=\"wp-block-list\"><li>Nom, adresse et date de naissance.<\/li><li>Num\u00e9ro de t\u00e9l\u00e9phone et adresse \u00e9lectronique.<\/li><li>Emplacement.<\/li><li>Informations sur les paiements et les remboursements.<\/li><li>l'adresse IP, la date et l'heure auxquelles vous avez acc\u00e9d\u00e9 \u00e0 nos services, le navigateur internet que vous utilisez et les d\u00e9tails du syst\u00e8me d'exploitation de votre appareil.<\/li><li>toute autre information ou donn\u00e9e que vous choisissez de partager avec nous.<\/li><\/ul>\n\n\n\n<p>Dans certains cas, il est obligatoire de remplir le formulaire d'inscription afin d'acc\u00e9der et de b\u00e9n\u00e9ficier des avantages de<br>certains services offerts sur le site ; de m\u00eame, le fait de ne pas fournir les donn\u00e9es personnelles demand\u00e9es ou de ne pas accepter la pr\u00e9sente politique de protection des donn\u00e9es entra\u00eene l'impossibilit\u00e9 de souscrire, de s'inscrire ou de participer \u00e0 l'une des promotions pour lesquelles les donn\u00e9es personnelles sont demand\u00e9es.<\/p>\n\n\n\n<h2 class=\"wp-block-heading\">Pourquoi et dans quel but traitons-nous vos donn\u00e9es ?<\/h2>\n\n\n\n<p>Chez MIGUEL COLMENARES PLANAS, nous traitons les informations fournies par les parties int\u00e9ress\u00e9es aux fins suivantes :<\/p>\n\n\n\n<ul class=\"wp-block-list\"><li>G\u00e9rer les commandes ou contracter l'un de nos services, que ce soit en ligne ou dans nos magasins physiques.<\/li><li>G\u00e9rer l'envoi des informations que vous nous demandez.<\/li><li>D\u00e9velopper des actions commerciales et r\u00e9aliser l'entretien et la gestion de la relation avec l'utilisateur, ainsi que la gestion des services offerts \u00e0 travers le site web et les t\u00e2ches d'information, pouvant r\u00e9aliser des \u00e9valuations automatiques, des t\u00e2ches de profilage et de segmentation des clients afin de personnaliser le traitement en fonction de leurs caract\u00e9ristiques et besoins et d'am\u00e9liorer l'exp\u00e9rience en ligne du client.<\/li><li>D\u00e9velopper et g\u00e9rer tous les concours, tirages au sort ou autres activit\u00e9s promotionnelles qui peuvent \u00eatre organis\u00e9s.<\/li><li>Dans certains cas, il sera n\u00e9cessaire de fournir des informations aux autorit\u00e9s ou \u00e0 des tiers \u00e0 des fins d'audit, ainsi que de traiter des donn\u00e9es personnelles provenant de factures, de contrats et de documents afin de r\u00e9pondre aux plaintes des clients ou des gouvernements.<\/li><\/ul>\n\n\n\n<p>Nous vous informons que les donn\u00e9es personnelles obtenues \u00e0 la suite de votre inscription en tant qu'utilisateur feront partie du registre des activit\u00e9s et op\u00e9rations de traitement (RAT), qui sera mis \u00e0 jour p\u00e9riodiquement conform\u00e9ment aux dispositions du GDPR.<\/p>\n\n\n\n<h2 class=\"wp-block-heading\">Quelle est la l\u00e9gitimit\u00e9 du traitement de vos donn\u00e9es ?<\/h2>\n\n\n\n<p>Le traitement de vos donn\u00e9es peut \u00eatre fond\u00e9 sur les bases juridiques suivantes :<\/p>\n\n\n\n<ul class=\"wp-block-list\"><li>Consentement de la partie int\u00e9ress\u00e9e pour la conclusion de contrats de services et de produits, pour les formulaires de contact, les demandes d'information ou l'inscription \u00e0 des bulletins d'information \u00e9lectroniques.<\/li><li>Int\u00e9r\u00eat l\u00e9gitime pour le traitement des donn\u00e9es de nos clients \u00e0 des fins de marketing direct et consentement expr\u00e8s de la personne concern\u00e9e pour tout ce qui concerne les \u00e9valuations automatiques et le profilage.<\/li><li>Respect des obligations l\u00e9gales en mati\u00e8re de pr\u00e9vention de la fraude, de communication avec les autorit\u00e9s publiques et de r\u00e9clamations de tiers.<\/li><\/ul>\n\n\n\n<h2 class=\"wp-block-heading\">Combien de temps conservons-nous vos donn\u00e9es ?<\/h2>\n\n\n\n<p>Le traitement des donn\u00e9es aux fins d\u00e9crites sera maintenu pendant la dur\u00e9e n\u00e9cessaire \u00e0 la r\u00e9alisation de la finalit\u00e9 pour laquelle elles ont \u00e9t\u00e9 collect\u00e9es (par exemple, pendant la dur\u00e9e de la relation commerciale), ainsi que pour l'ex\u00e9cution des obligations l\u00e9gales d\u00e9coulant du traitement des donn\u00e9es.<\/p>\n\n\n\n<h2 class=\"wp-block-heading\">A quels destinataires vos donn\u00e9es sont-elles communiqu\u00e9es ?<\/h2>\n\n\n\n<p>Dans certains cas, uniquement lorsque cela s'av\u00e8re n\u00e9cessaire, MIGUEL COLMENARES PLANAS fournira les donn\u00e9es des utilisateurs \u00e0 des tiers. Toutefois, les donn\u00e9es ne seront jamais vendues \u00e0 des tiers. Les prestataires de services externes (par exemple, les fournisseurs de paiement ou les entreprises de livraison) avec lesquels MIGUEL COLMENARES PLANAS travaille peuvent utiliser les donn\u00e9es pour fournir les services correspondants, mais ils n'utiliseront pas ces informations \u00e0 leurs propres fins ou pour les transf\u00e9rer \u00e0 des tiers.<\/p>\n\n\n\n<p>MIGUEL COLMENARES PLANAS cherche \u00e0 assurer la s\u00e9curit\u00e9 des donn\u00e9es personnelles lorsqu'elles sont envoy\u00e9es \u00e0 l'ext\u00e9rieur de l'entreprise et s'assure que les prestataires de services tiers respectent la confidentialit\u00e9 et disposent de mesures appropri\u00e9es pour prot\u00e9ger les donn\u00e9es personnelles. Ces tiers ont l'obligation de veiller \u00e0 ce que les informations soient trait\u00e9es conform\u00e9ment \u00e0 la r\u00e9glementation sur la confidentialit\u00e9 des donn\u00e9es.<\/p>\n\n\n\n<p>Dans certains cas, la loi peut exiger que les donn\u00e9es \u00e0 caract\u00e8re personnel soient divulgu\u00e9es \u00e0 des organismes publics ou \u00e0 d'autres parties ; seules les donn\u00e9es strictement n\u00e9cessaires \u00e0 l'accomplissement de ces obligations l\u00e9gales seront divulgu\u00e9es.<\/p>\n\n\n\n<p>Les donn\u00e9es personnelles obtenues peuvent \u00e9galement \u00eatre partag\u00e9es avec d'autres soci\u00e9t\u00e9s du groupe.<\/p>\n\n\n\n<h2 class=\"wp-block-heading\">O\u00f9 sont stock\u00e9es vos donn\u00e9es ?<\/h2>\n\n\n\n<p>En g\u00e9n\u00e9ral, les donn\u00e9es sont stock\u00e9es au sein de l'UE. Pour les donn\u00e9es envoy\u00e9es \u00e0 des tiers en dehors de l'UE, nous nous assurerons qu'ils offrent un niveau de protection suffisant, soit parce qu'ils disposent de r\u00e8gles d'entreprise contraignantes (BCR), soit parce qu'ils ont adh\u00e9r\u00e9 au Privacy Shield.<\/p>\n\n\n\n<h2 class=\"wp-block-heading\">Quels sont vos droits et comment pouvez-vous les exercer ?<\/h2>\n\n\n\n<p>Vous pouvez adresser vos communications et exercer vos droits en envoyant une demande \u00e0 l'adresse \u00e9lectronique suivante : casa@loscolmenares.com.<\/p>\n\n\n\n<p>En vertu des dispositions du GDPR, vous pouvez demander :<\/p>\n\n\n\n<ul class=\"wp-block-list\"><li>Droit d'acc\u00e8s : vous pouvez demander des informations sur les donn\u00e9es personnelles que nous d\u00e9tenons \u00e0 votre sujet.<\/li><li>Droit de rectification : vous pouvez communiquer toute modification de vos donn\u00e9es personnelles.<\/li><li>Droit \u00e0 l'effacement et droit \u00e0 l'oubli : vous pouvez demander l'effacement de vos donn\u00e9es personnelles apr\u00e8s leur blocage.<\/li><li>Droit de restriction du traitement : il s'agit de la restriction du traitement des donn\u00e9es \u00e0 caract\u00e8re personnel.<\/li><li>Droit d'opposition : vous pouvez retirer votre consentement au traitement de vos donn\u00e9es en vous opposant \u00e0 la poursuite du traitement.<\/li><li>Droit \u00e0 la portabilit\u00e9 : dans certains cas, vous pouvez demander une copie des donn\u00e9es personnelles dans un format structur\u00e9, couramment utilis\u00e9 et lisible par machine pour les transmettre \u00e0 un autre responsable du traitement des donn\u00e9es.<\/li><li>Droit de ne pas \u00eatre soumis \u00e0 des d\u00e9cisions individualis\u00e9es : vous pouvez demander \u00e0 ne pas \u00eatre soumis \u00e0 des d\u00e9cisions fond\u00e9es uniquement sur un traitement automatis\u00e9, y compris le profilage, qui produisent des effets juridiques ou affectent de mani\u00e8re significative la personne concern\u00e9e.<\/li><\/ul>\n\n\n\n<p>Dans certains cas, votre demande peut \u00eatre refus\u00e9e si vous demandez la suppression de donn\u00e9es n\u00e9cessaires au respect d'obligations l\u00e9gales.<\/p>\n\n\n\n<p>En outre, si vous avez une plainte concernant le traitement de vos donn\u00e9es, vous pouvez d\u00e9poser une plainte aupr\u00e8s de l'autorit\u00e9 charg\u00e9e de la protection des donn\u00e9es.<\/p>\n\n\n\n<h2 class=\"wp-block-heading\">Qui est responsable de l'exactitude et de la v\u00e9racit\u00e9 des donn\u00e9es fournies ?<\/h2>\n\n\n\n<p>L'utilisateur est seul responsable de la v\u00e9racit\u00e9 et de l'exactitude des donn\u00e9es incluses, exon\u00e9rant MIGUEL COLMENARES PLANAS de toute responsabilit\u00e9 \u00e0 cet \u00e9gard. Les utilisateurs garantissent et r\u00e9pondent, dans tous les cas, de l'exactitude, de la validit\u00e9 et de l'authenticit\u00e9 des donn\u00e9es personnelles fournies, et s'engagent \u00e0 les maintenir \u00e0 jour. L'utilisateur s'engage \u00e0 fournir des informations compl\u00e8tes et correctes dans le formulaire d'inscription ou d'abonnement. MIGUEL COLMENARES PLANAS se r\u00e9serve le droit de mettre fin aux services contract\u00e9s avec les utilisateurs, dans le cas o\u00f9 les donn\u00e9es fournies seraient fausses, incompl\u00e8tes, inexactes ou non actualis\u00e9es.<\/p>\n\n\n\n<p>MIGUEL COLMENARES PLANAS n'est pas responsable de la v\u00e9racit\u00e9 de l'information qui n'est pas de sa propre \u00e9laboration et dont une autre source est indiqu\u00e9e, de sorte qu'il n'assume pas non plus la responsabilit\u00e9 des dommages hypoth\u00e9tiques qui pourraient d\u00e9couler de l'utilisation de cette information.<\/p>\n\n\n\n<p>MIGUEL COLMENARES PLANAS se r\u00e9serve le droit de mettre \u00e0 jour, de modifier ou de supprimer les informations contenues dans ses pages web et peut m\u00eame limiter ou refuser l'acc\u00e8s \u00e0 ces informations. MIGUEL COLMENARES PLANAS est exon\u00e9r\u00e9 de toute responsabilit\u00e9 pour les dommages que l'utilisateur pourrait subir en raison d'erreurs, de d\u00e9fauts ou d'omissions dans les informations fournies par MIGUEL COLMENARES PLANAS, d\u00e8s lors qu'elles proviennent de sources ext\u00e9rieures.<\/p>\n\n\n\n<p>De m\u00eame, l'utilisateur certifie qu'il est \u00e2g\u00e9 de plus de 14 ans et qu'il a la capacit\u00e9 juridique n\u00e9cessaire pour consentir au traitement de ses donn\u00e9es personnelles.<\/p>\n\n\n\n<h2 class=\"wp-block-heading\">Comment traitons-nous les donn\u00e9es personnelles des mineurs ?<\/h2>\n\n\n\n<p>En principe, nos services ne s'adressent pas sp\u00e9cifiquement aux mineurs. Cependant, dans le cas o\u00f9 l'un d'entre eux s'adresse \u00e0 des mineurs de moins de quatorze ans, conform\u00e9ment \u00e0 l'article 8 du RGPD et \u00e0 l'article 7 de la LO3\/2018, du 5 d\u00e9cembre (LOPDGDD), MIGUEL COLMENARES PLANAS exigera le consentement valide, libre, non \u00e9quivoque, sp\u00e9cifique et inform\u00e9 de leurs tuteurs l\u00e9gaux pour traiter les donn\u00e9es personnelles des mineurs. Dans ce cas, la carte d'identit\u00e9 ou une autre forme d'identification de la personne qui donne son consentement sera exig\u00e9e.<\/p>\n\n\n\n<p>Dans le cas des personnes \u00e2g\u00e9es de plus de quatorze ans, les donn\u00e9es peuvent \u00eatre trait\u00e9es avec le consentement de l'utilisateur, sauf dans les cas o\u00f9 la loi exige l'assistance des titulaires de l'autorit\u00e9 parentale ou de la tutelle.<\/p>\n\n\n\n<h2 class=\"wp-block-heading\">Quelles mesures de s\u00e9curit\u00e9 mettons-nous en place pour prot\u00e9ger vos donn\u00e9es ?<br>personnel ?<\/h2>\n\n\n\n<p>MIGUEL COLMENARES PLANAS a adopt\u00e9 les niveaux de s\u00e9curit\u00e9 l\u00e9galement requis pour la protection des Donn\u00e9es Personnelles, et s'efforce d'installer d'autres moyens et mesures techniques suppl\u00e9mentaires \u00e0 sa port\u00e9e pour \u00e9viter la perte, la mauvaise utilisation, l'alt\u00e9ration, l'acc\u00e8s non autoris\u00e9 et le vol des Donn\u00e9es Personnelles fournies \u00e0 MIGUEL COLMENARES PLANAS.<\/p>\n\n\n\n<p>MIGUEL COLMENARES PLANAS n'est pas responsable des dommages hypoth\u00e9tiques pouvant d\u00e9couler d'interf\u00e9rences, d'omissions, d'interruptions, de virus informatiques, de pannes t\u00e9l\u00e9phoniques ou de d\u00e9connexions dans le fonctionnement de ce syst\u00e8me \u00e9lectronique, caus\u00e9s par des raisons ind\u00e9pendantes de la volont\u00e9 de MIGUEL COLMENARES PLANAS ; les retards ou blocages dans l'utilisation de ce syst\u00e8me \u00e9lectronique caus\u00e9s par des d\u00e9ficiences ou des surcharges des lignes t\u00e9l\u00e9phoniques ou des surcharges dans le Centre de traitement des donn\u00e9es, dans le syst\u00e8me Internet ou dans d'autres syst\u00e8mes \u00e9lectroniques, ainsi que les dommages pouvant \u00eatre caus\u00e9s par des tiers par le biais d'une intervention illicite \u00e9chappant au contr\u00f4le de MIGUEL COLMENARES PLANAS. N\u00e9anmoins, l'utilisateur doit \u00eatre conscient que les mesures de s\u00e9curit\u00e9<br>sur Internet ne sont pas inexpugnables.<\/p>\n\n\n\n<h2 class=\"wp-block-heading\">Liens vers d'autres sites web<\/h2>\n\n\n\n<p>Le site loscolmenares.com peut contenir des liens vers d'autres sites web. En cliquant sur l'un de ces liens et en acc\u00e9dant \u00e0 un site web externe, la visite sera soumise \u00e0 la politique de confidentialit\u00e9 dudit site web, et MIGUEL COLMENARES PLANAS ne pourra \u00eatre tenu responsable de sa politique de confidentialit\u00e9.<\/p>\n\n\n\n<h2 class=\"wp-block-heading\">Comment utilisons-nous les cookies ?<\/h2>\n\n\n\n<p>Le site web et les r\u00e9seaux sociaux de MIGUEL COLMENARES PLANAS utilisent des cookies pour optimiser et personnaliser votre exp\u00e9rience de navigation. Les cookies sont des fichiers d'information physiques qui sont stock\u00e9s dans le propre terminal de l'utilisateur, les informations collect\u00e9es par les cookies sont utilis\u00e9es pour faciliter la navigation de l'utilisateur sur le portail et optimiser l'exp\u00e9rience de navigation. Les donn\u00e9es recueillies par le biais des cookies peuvent \u00eatre partag\u00e9es avec les cr\u00e9ateurs de ces derniers, mais en aucun cas les informations obtenues par ces derniers ne seront associ\u00e9es \u00e0 des donn\u00e9es personnelles ou \u00e0 des donn\u00e9es permettant d'identifier l'utilisateur.<\/p>\n\n\n\n<p>Toutefois, si vous ne souhaitez pas que des cookies soient install\u00e9s sur votre disque dur, vous pouvez configurer votre navigateur pour emp\u00eacher l'installation de ces fichiers. Pour plus d'informations, veuillez consulter notre <a href=\"https:\/\/www.loscolmenares.com\/fr\/politique-de-cookies\/\" target=\"_blank\" data-type=\"page\" data-id=\"710\" rel=\"noreferrer noopener\">Politique en mati\u00e8re de cookies<\/a>.<\/p>\n\n\n\n<h2 class=\"wp-block-heading\">La politique de confidentialit\u00e9 peut-elle \u00eatre modifi\u00e9e ?<\/h2>\n\n\n\n<p>Cette politique de confidentialit\u00e9 est susceptible d'\u00eatre modifi\u00e9e. Nous vous recommandons de consulter la politique de confidentialit\u00e9 de temps \u00e0 autre.<\/p>","protected":false},"excerpt":{"rendered":"<p>En MIGUEL COLMENARES PLANAS trabajamos para ofrecerte a trav\u00e9s de nuestros productos y servicios la mejor experiencia posible. En algunos casos, es necesario recabar informaci\u00f3n para conseguirlo. Nos importa tu privacidad y creemos que debemos ser transparentes al respecto. Por ello, y a efectos de lo previsto en el REGLAMENTO (UE) 2016\/679 DEL PARLAMENTO EUROPEO [&hellip;]<\/p>\n","protected":false},"author":1,"featured_media":0,"parent":0,"menu_order":0,"comment_status":"closed","ping_status":"closed","template":"","meta":{"_acf_changed":false,"footnotes":""},"class_list":["post-15","page","type-page","status-publish","hentry"],"acf":[],"_links":{"self":[{"href":"https:\/\/www.loscolmenares.com\/fr\/wp-json\/wp\/v2\/pages\/15","targetHints":{"allow":["GET"]}}],"collection":[{"href":"https:\/\/www.loscolmenares.com\/fr\/wp-json\/wp\/v2\/pages"}],"about":[{"href":"https:\/\/www.loscolmenares.com\/fr\/wp-json\/wp\/v2\/types\/page"}],"author":[{"embeddable":true,"href":"https:\/\/www.loscolmenares.com\/fr\/wp-json\/wp\/v2\/users\/1"}],"replies":[{"embeddable":true,"href":"https:\/\/www.loscolmenares.com\/fr\/wp-json\/wp\/v2\/comments?post=15"}],"version-history":[{"count":4,"href":"https:\/\/www.loscolmenares.com\/fr\/wp-json\/wp\/v2\/pages\/15\/revisions"}],"predecessor-version":[{"id":1762,"href":"https:\/\/www.loscolmenares.com\/fr\/wp-json\/wp\/v2\/pages\/15\/revisions\/1762"}],"wp:attachment":[{"href":"https:\/\/www.loscolmenares.com\/fr\/wp-json\/wp\/v2\/media?parent=15"}],"curies":[{"name":"wp","href":"https:\/\/api.w.org\/{rel}","templated":true}]}}