{"id":482,"date":"2022-03-14T10:36:07","date_gmt":"2022-03-14T10:36:07","guid":{"rendered":"https:\/\/www.loscolmenares.com\/contacto\/"},"modified":"2026-04-07T08:14:10","modified_gmt":"2026-04-07T08:14:10","slug":"contact","status":"publish","type":"page","link":"https:\/\/www.loscolmenares.com\/fr\/contacto\/","title":{"rendered":"Contact"},"content":{"rendered":"<div data-elementor-type=\"wp-page\" data-elementor-id=\"482\" class=\"elementor elementor-482\" data-elementor-post-type=\"page\">\n\t\t\t\t\t\t<section class=\"elementor-section elementor-top-section elementor-element elementor-element-17aebd5 elementor-section-height-min-height elementor-section-items-stretch elementor-section-content-middle elementor-section-full_width elementor-section-height-default\" data-id=\"17aebd5\" data-element_type=\"section\" data-e-type=\"section\" data-settings=\"{&quot;background_background&quot;:&quot;classic&quot;}\">\n\t\t\t\t\t\t<div class=\"elementor-container elementor-column-gap-default\">\n\t\t\t\t\t<div class=\"elementor-column elementor-col-50 elementor-top-column elementor-element elementor-element-f254c16\" data-id=\"f254c16\" data-element_type=\"column\" data-e-type=\"column\">\n\t\t\t<div class=\"elementor-widget-wrap\">\n\t\t\t\t\t\t\t<\/div>\n\t\t<\/div>\n\t\t\t\t<div class=\"elementor-column elementor-col-50 elementor-top-column elementor-element elementor-element-c0370c4\" data-id=\"c0370c4\" data-element_type=\"column\" data-e-type=\"column\">\n\t\t\t<div class=\"elementor-widget-wrap elementor-element-populated\">\n\t\t\t\t\t\t<section class=\"elementor-section elementor-inner-section elementor-element elementor-element-00410e6 elementor-section-boxed elementor-section-height-default elementor-section-height-default\" data-id=\"00410e6\" data-element_type=\"section\" data-e-type=\"section\" data-settings=\"{&quot;background_background&quot;:&quot;classic&quot;}\">\n\t\t\t\t\t\t<div class=\"elementor-container elementor-column-gap-default\">\n\t\t\t\t\t<div class=\"elementor-column elementor-col-100 elementor-inner-column elementor-element elementor-element-ca3c9e1\" data-id=\"ca3c9e1\" data-element_type=\"column\" data-e-type=\"column\">\n\t\t\t<div class=\"elementor-widget-wrap elementor-element-populated\">\n\t\t\t\t\t\t<div class=\"elementor-element elementor-element-265a1fd elementor-widget elementor-widget-heading\" data-id=\"265a1fd\" data-element_type=\"widget\" data-e-type=\"widget\" data-widget_type=\"heading.default\">\n\t\t\t\t<div class=\"elementor-widget-container\">\n\t\t\t\t\t<h1 class=\"elementor-heading-title elementor-size-default\">Nous sommes \u00e0 votre disposition<\/h1>\t\t\t\t<\/div>\n\t\t\t\t<\/div>\n\t\t\t\t\t<\/div>\n\t\t<\/div>\n\t\t\t\t\t<\/div>\n\t\t<\/section>\n\t\t\t\t\t<\/div>\n\t\t<\/div>\n\t\t\t\t\t<\/div>\n\t\t<\/section>\n\t\t\t\t<section class=\"elementor-section elementor-top-section elementor-element elementor-element-9cd45b7 elementor-section-boxed elementor-section-height-default elementor-section-height-default\" data-id=\"9cd45b7\" data-element_type=\"section\" data-e-type=\"section\" data-settings=\"{&quot;background_background&quot;:&quot;classic&quot;}\">\n\t\t\t\t\t\t<div class=\"elementor-container elementor-column-gap-default\">\n\t\t\t\t\t<div class=\"elementor-column elementor-col-100 elementor-top-column elementor-element elementor-element-14225a2\" data-id=\"14225a2\" data-element_type=\"column\" data-e-type=\"column\">\n\t\t\t<div class=\"elementor-widget-wrap elementor-element-populated\">\n\t\t\t\t\t\t<section class=\"elementor-section elementor-inner-section elementor-element elementor-element-9273c76 elementor-section-full_width elementor-section-height-default elementor-section-height-default elementor-invisible\" data-id=\"9273c76\" data-element_type=\"section\" data-e-type=\"section\" data-settings=\"{&quot;animation&quot;:&quot;fadeIn&quot;}\">\n\t\t\t\t\t\t<div class=\"elementor-container elementor-column-gap-default\">\n\t\t\t\t\t<div class=\"elementor-column elementor-col-33 elementor-inner-column elementor-element elementor-element-8796abf\" data-id=\"8796abf\" data-element_type=\"column\" data-e-type=\"column\">\n\t\t\t<div class=\"elementor-widget-wrap elementor-element-populated\">\n\t\t\t\t\t\t<div class=\"elementor-element elementor-element-c1096b0 elementor-view-default elementor-widget elementor-widget-icon\" data-id=\"c1096b0\" data-element_type=\"widget\" data-e-type=\"widget\" data-widget_type=\"icon.default\">\n\t\t\t\t<div class=\"elementor-widget-container\">\n\t\t\t\t\t\t\t<div class=\"elementor-icon-wrapper\">\n\t\t\t<div class=\"elementor-icon\">\n\t\t\t<svg xmlns=\"http:\/\/www.w3.org\/2000\/svg\" width=\"74\" height=\"79\" viewbox=\"0 0 74 79\"><path d=\"M5.97027 19.7999L6.20499 19.6598L6.19331 19.6437L36.9922 1.25576L67.8784 19.6939L67.8746 19.7057L68.045 19.8078C69.7792 20.8462 71.2198 22.3385 72.2215 24.1358C73.2232 25.9331 73.7505 27.9718 73.75 30.0472V66.2899C73.75 69.4303 72.5434 72.4405 70.3981 74.6586C68.253 76.8764 65.3456 78.1208 62.3158 78.1208H11.6842C8.65441 78.1208 5.74695 76.8764 3.60193 74.6586C1.45663 72.4405 0.25 69.4303 0.25 66.2899V30.0473C0.25 25.6661 2.55164 21.8411 5.97027 19.7999ZM6.55827 23.6558L6.22173 23.8585L6.54791 24.0775L36.8606 44.4297L37 44.5233L37.1394 44.4297L67.4521 24.0775L67.7784 23.8584L67.4417 23.6558L37.1212 5.40156L36.9922 5.32391L36.8632 5.40159L6.55827 23.6558ZM3.64474 30.0474V66.2899C3.64474 68.4896 4.48979 70.6008 5.99652 72.1587C7.50352 73.7169 9.54927 74.5938 11.6842 74.5938H62.3158C64.4507 74.5938 66.4965 73.7169 68.0035 72.1587C69.5102 70.6008 70.3553 68.4896 70.3553 66.2899V30.0473C70.3553 28.9945 70.1668 27.986 69.8173 27.0596L69.7059 26.7645L69.444 26.9403L36.997 48.7192L4.55598 26.9403L4.2932 26.7639L4.18244 27.0604C3.82641 28.0134 3.64415 29.0262 3.64474 30.0474Z\"><\/path><\/svg>\t\t\t<\/div>\n\t\t<\/div>\n\t\t\t\t\t\t<\/div>\n\t\t\t\t<\/div>\n\t\t\t\t<div class=\"elementor-element elementor-element-02bdbdc elementor-widget elementor-widget-heading\" data-id=\"02bdbdc\" data-element_type=\"widget\" data-e-type=\"widget\" data-widget_type=\"heading.default\">\n\t\t\t\t<div class=\"elementor-widget-container\">\n\t\t\t\t\t<div class=\"elementor-heading-title elementor-size-default\">Courriel :<\/div>\t\t\t\t<\/div>\n\t\t\t\t<\/div>\n\t\t\t\t<div class=\"elementor-element elementor-element-b826947 elementor-icon-list--layout-inline elementor-align-center elementor-list-item-link-full_width elementor-widget elementor-widget-icon-list\" data-id=\"b826947\" data-element_type=\"widget\" data-e-type=\"widget\" data-widget_type=\"icon-list.default\">\n\t\t\t\t<div class=\"elementor-widget-container\">\n\t\t\t\t\t\t\t<ul class=\"elementor-icon-list-items elementor-inline-items\">\n\t\t\t\t\t\t\t<li class=\"elementor-icon-list-item elementor-inline-item\">\n\t\t\t\t\t\t\t\t\t\t\t<a href=\"mailto:info@loscolmenares.com\" target=\"_blank\">\n\n\t\t\t\t\t\t\t\t\t\t\t<span class=\"elementor-icon-list-text\">info@loscolmenares.com<\/span>\n\t\t\t\t\t\t\t\t\t\t\t<\/a>\n\t\t\t\t\t\t\t\t\t<\/li>\n\t\t\t\t\t\t<\/ul>\n\t\t\t\t\t\t<\/div>\n\t\t\t\t<\/div>\n\t\t\t\t\t<\/div>\n\t\t<\/div>\n\t\t\t\t<div class=\"elementor-column elementor-col-33 elementor-inner-column elementor-element elementor-element-3857df0\" data-id=\"3857df0\" data-element_type=\"column\" data-e-type=\"column\">\n\t\t\t<div class=\"elementor-widget-wrap elementor-element-populated\">\n\t\t\t\t\t\t<div class=\"elementor-element elementor-element-5056dc4 elementor-view-default elementor-widget elementor-widget-icon\" data-id=\"5056dc4\" data-element_type=\"widget\" data-e-type=\"widget\" data-widget_type=\"icon.default\">\n\t\t\t\t<div class=\"elementor-widget-container\">\n\t\t\t\t\t\t\t<div class=\"elementor-icon-wrapper\">\n\t\t\t<div class=\"elementor-icon\">\n\t\t\t<svg xmlns=\"http:\/\/www.w3.org\/2000\/svg\" width=\"103\" height=\"84\" viewbox=\"0 0 103 84\"><path d=\"M23.0959 83.1823C23.1184 83.1977 23.1484 83.19 23.1709 83.2055C23.3479 83.3071 23.5459 83.3637 23.7484 83.3706C23.8599 83.3704 23.9709 83.3548 24.0784 83.3242L51.2483 75.6713L78.4184 83.3242C78.5258 83.3548 78.6368 83.3704 78.7483 83.3706C78.9505 83.3643 79.1479 83.3067 79.3233 83.2029C79.3483 83.19 79.3758 83.1952 79.3983 83.1797L101.898 68.9885C102.131 68.8412 102.31 68.6197 102.41 68.3575C102.509 68.0953 102.522 67.8068 102.448 67.5359L89.9883 22.3823C89.9374 22.1942 89.8456 22.0206 89.72 21.8746C89.5944 21.7285 89.4383 21.6139 89.2634 21.5393C89.0885 21.4647 88.8995 21.4322 88.7107 21.4441C88.5218 21.4561 88.3381 21.5122 88.1733 21.6082L75.7683 28.7915C75.4967 28.9685 75.3013 29.2465 75.2226 29.568C75.1439 29.8895 75.188 30.2299 75.3456 30.5189C75.5032 30.8078 75.7624 31.0231 76.0696 31.1204C76.3767 31.2177 76.7083 31.1894 76.9958 31.0415L88.0183 24.6555L99.7858 67.2959L79.7483 79.9364L74.9883 40.6373C74.9472 40.2975 74.777 39.9885 74.5152 39.7783C74.2533 39.568 73.9213 39.4737 73.5921 39.5162C73.2629 39.5586 72.9635 39.7342 72.7598 40.0045C72.5561 40.2747 72.4647 40.6174 72.5059 40.9572L77.2733 80.3285L52.4983 73.3491V66.3051C52.4983 65.963 52.3667 65.6348 52.1322 65.3929C51.8978 65.1509 51.5799 65.015 51.2483 65.015C50.9168 65.015 50.5989 65.1509 50.3645 65.3929C50.13 65.6348 49.9984 65.963 49.9984 66.3051V73.3491L25.2209 80.3285L29.9884 40.9572C30.0087 40.789 29.9968 40.6182 29.9532 40.4548C29.9096 40.2913 29.8353 40.1383 29.7344 40.0045C29.6335 39.8707 29.5081 39.7587 29.3653 39.6749C29.2225 39.5911 29.0651 39.5372 28.9021 39.5162C28.7391 39.4951 28.5737 39.5075 28.4153 39.5525C28.2569 39.5974 28.1087 39.6741 27.979 39.7783C27.8494 39.8824 27.7408 40.0118 27.6597 40.1592C27.5785 40.3066 27.5262 40.469 27.5059 40.6373L22.7484 79.9364L2.71085 67.2985L14.4784 24.6606L25.5009 31.0466C25.7884 31.1946 26.12 31.2228 26.4271 31.1256C26.7343 31.0283 26.9935 30.8129 27.1511 30.524C27.3087 30.2351 27.3528 29.8947 27.2741 29.5732C27.1954 29.2517 27 28.9737 26.7284 28.7967L14.3209 21.6108C14.1565 21.5137 13.9728 21.4567 13.7838 21.4443C13.5948 21.4318 13.4056 21.4642 13.2306 21.5389C13.0556 21.6136 12.8995 21.7287 12.7743 21.8754C12.6491 22.022 12.5582 22.1963 12.5084 22.3849L0.0483544 67.5385C-0.0270066 67.8093 -0.0139932 68.0983 0.0853904 68.3608C0.184774 68.6233 0.365015 68.8447 0.598354 68.9911L23.0959 83.1823Z\"><\/path><path d=\"M50.4009 61.0984C50.6304 61.317 50.9309 61.439 51.2432 61.4405C51.5555 61.4419 51.857 61.3226 52.0884 61.1061C52.9209 60.3243 72.4984 41.783 72.4984 22.7359C72.4984 10.4361 63.1659 0.804199 51.2484 0.804199C39.3309 0.804199 29.9984 10.4361 29.9984 22.7359C29.9984 41.4527 49.5684 60.3037 50.4009 61.0984ZM51.2484 3.3844C61.9359 3.3844 69.9984 11.703 69.9984 22.7359C69.9984 38.4674 55.0159 54.5679 51.2559 58.3608C47.5034 54.524 32.4984 38.212 32.4984 22.7359C32.4984 11.703 40.5609 3.3844 51.2484 3.3844Z\"><\/path><path d=\"M62.4984 22.7359C62.4984 16.3344 57.4509 11.125 51.2484 11.125C45.0459 11.125 39.9984 16.3344 39.9984 22.7359C39.9984 29.1374 45.0459 34.3469 51.2484 34.3469C57.4509 34.3469 62.4984 29.1374 62.4984 22.7359ZM51.2484 31.7667C46.4234 31.7667 42.4984 27.7157 42.4984 22.7359C42.4984 17.7561 46.4234 13.7052 51.2484 13.7052C56.0734 13.7052 59.9984 17.7561 59.9984 22.7359C59.9984 27.7157 56.0734 31.7667 51.2484 31.7667Z\"><\/path><\/svg>\t\t\t<\/div>\n\t\t<\/div>\n\t\t\t\t\t\t<\/div>\n\t\t\t\t<\/div>\n\t\t\t\t<div class=\"elementor-element elementor-element-712689e elementor-widget elementor-widget-heading\" data-id=\"712689e\" data-element_type=\"widget\" data-e-type=\"widget\" data-widget_type=\"heading.default\">\n\t\t\t\t<div class=\"elementor-widget-container\">\n\t\t\t\t\t<div class=\"elementor-heading-title elementor-size-default\">Nous sommes en<\/div>\t\t\t\t<\/div>\n\t\t\t\t<\/div>\n\t\t\t\t<div class=\"elementor-element elementor-element-301a1af elementor-widget elementor-widget-heading\" data-id=\"301a1af\" data-element_type=\"widget\" data-e-type=\"widget\" data-widget_type=\"heading.default\">\n\t\t\t\t<div class=\"elementor-widget-container\">\n\t\t\t\t\t<span class=\"elementor-heading-title elementor-size-default\">Plaza Mayor 9, 26214<br \/>Cuzcurrita de R\u00edo Tir\u00f3n<br \/>(La Rioja) - Espagne<\/span>\t\t\t\t<\/div>\n\t\t\t\t<\/div>\n\t\t\t\t<div class=\"elementor-element elementor-element-e5dd16f elementor-widget elementor-widget-heading\" data-id=\"e5dd16f\" data-element_type=\"widget\" data-e-type=\"widget\" data-widget_type=\"heading.default\">\n\t\t\t\t<div class=\"elementor-widget-container\">\n\t\t\t\t\t<div class=\"elementor-heading-title elementor-size-default\"><a href=\"https:\/\/goo.gl\/maps\/5ShE7c3RGR2ALVkh6\" target=\"_blank\" rel=\"nofollow noopener\">Voir sur Google MyBusiness<\/a><\/div>\t\t\t\t<\/div>\n\t\t\t\t<\/div>\n\t\t\t\t\t<\/div>\n\t\t<\/div>\n\t\t\t\t<div class=\"elementor-column elementor-col-33 elementor-inner-column elementor-element elementor-element-28ca683\" data-id=\"28ca683\" data-element_type=\"column\" data-e-type=\"column\">\n\t\t\t<div class=\"elementor-widget-wrap elementor-element-populated\">\n\t\t\t\t\t\t<div class=\"elementor-element elementor-element-082be83 elementor-view-default elementor-widget elementor-widget-icon\" data-id=\"082be83\" data-element_type=\"widget\" data-e-type=\"widget\" data-widget_type=\"icon.default\">\n\t\t\t\t<div class=\"elementor-widget-container\">\n\t\t\t\t\t\t\t<div class=\"elementor-icon-wrapper\">\n\t\t\t<div class=\"elementor-icon\">\n\t\t\t<svg xmlns=\"http:\/\/www.w3.org\/2000\/svg\" width=\"73\" height=\"76\" viewbox=\"0 0 73 76\"><path d=\"M45.5327 4.21133C45.6371 3.80852 45.8922 3.465 46.242 3.25632C46.5917 3.04763 47.0075 2.99088 47.3978 3.09853C52.8215 4.60382 57.7667 7.55359 61.7381 11.6524C65.7095 15.7511 68.5676 20.855 70.0261 26.4527C70.0805 26.653 70.0959 26.8626 70.0713 27.0691C70.0468 27.2757 69.9827 27.4751 69.8828 27.6559C69.783 27.8367 69.6494 27.9953 69.4897 28.1224C69.33 28.2495 69.1475 28.3426 68.9527 28.3963C68.7579 28.4501 68.5547 28.4634 68.3549 28.4355C68.1551 28.4076 67.9627 28.339 67.7887 28.2337C67.6148 28.1285 67.4628 27.9886 67.3416 27.8223C67.2205 27.656 67.1325 27.4665 67.0828 27.2648C65.7634 22.2005 63.1777 17.583 59.5848 13.8748C55.9918 10.1666 51.5178 7.49797 46.6109 6.13621C46.2206 6.0285 45.8878 5.76519 45.6856 5.40421C45.4834 5.04324 45.4284 4.61415 45.5327 4.21133ZM43.4559 18.2885C46.2967 19.077 48.8868 20.622 50.9669 22.7689C53.047 24.9158 54.5439 27.5891 55.3078 30.521C55.358 30.7221 55.4463 30.911 55.5676 31.0768C55.689 31.2425 55.8409 31.3817 56.0147 31.4865C56.1885 31.5913 56.3806 31.6595 56.5801 31.6872C56.7795 31.7148 56.9823 31.7015 57.1767 31.6478C57.3712 31.5941 57.5534 31.5012 57.7128 31.3745C57.8722 31.2477 58.0057 31.0896 58.1056 30.9093C58.2055 30.729 58.2698 30.53 58.2948 30.3239C58.3197 30.1178 58.3049 29.9087 58.2511 29.7085C57.3482 26.2432 55.5789 23.0836 53.1203 20.5462C50.6618 18.0088 47.6004 16.1827 44.2428 15.2508C44.0486 15.1946 43.8456 15.1787 43.6455 15.2041C43.4453 15.2295 43.2521 15.2956 43.0769 15.3987C42.9017 15.5017 42.7481 15.6396 42.625 15.8044C42.5018 15.9692 42.4116 16.1576 42.3595 16.3586C42.3074 16.5597 42.2945 16.7694 42.3216 16.9756C42.3486 17.1818 42.4151 17.3804 42.5171 17.56C42.619 17.7395 42.7545 17.8963 42.9157 18.0214C43.0769 18.1464 43.2605 18.2372 43.4559 18.2885ZM72.9678 57.5162C72.3532 62.4477 70.0202 66.9796 66.4045 70.2653C62.7887 73.5511 58.1377 75.3659 53.3201 75.3708C23.9194 75.3708 0 50.6842 0 20.3404C0.00473875 15.3685 1.76302 10.5683 4.94641 6.83667C8.12981 3.105 12.5206 0.696981 17.2986 0.0624229C18.2802 -0.0590598 19.2735 0.15067 20.13 0.660247C20.9865 1.16982 21.6601 1.95187 22.0502 2.88942L29.702 21.3152C29.9997 22.0301 30.121 22.8099 30.0552 23.5851C29.9894 24.3602 29.7385 25.1064 29.3249 25.7569L22.989 35.7489C22.8455 35.9706 22.76 36.2267 22.7407 36.4926C22.7213 36.7584 22.7688 37.0249 22.8785 37.2662C25.8937 43.6144 30.881 48.7384 37.0457 51.8213C37.2809 51.9338 37.5403 51.9815 37.7986 51.9595C38.057 51.9376 38.3054 51.847 38.5196 51.6963L48.0548 45.134C48.6868 44.6974 49.4146 44.4312 50.1719 44.3593C50.9292 44.2875 51.6919 44.4125 52.3905 44.7228L70.2291 52.6134C71.1373 53.016 71.8948 53.7112 72.3884 54.595C72.8819 55.4788 73.0851 56.5037 72.9675 57.5166L72.9678 57.5162ZM69.0282 55.5033L51.1904 47.6131C50.9574 47.5097 50.7032 47.468 50.4507 47.4919C50.1982 47.5158 49.9555 47.6045 49.7446 47.7499L40.2098 54.3123C39.5542 54.7653 38.7958 55.0349 38.0089 55.0947C37.222 55.1544 36.4335 55.0022 35.7207 54.6531C28.9413 51.2621 23.4567 45.6269 20.1405 38.6455V38.6459C19.8003 37.9145 19.649 37.1048 19.7014 36.2953C19.7539 35.4858 20.0083 34.7041 20.4399 34.0261L26.7758 24.0353C26.9137 23.8183 26.9973 23.5695 27.0193 23.311C27.0412 23.0526 27.0008 22.7925 26.9015 22.5542L19.2497 4.12839C19.1338 3.84662 18.9408 3.60589 18.6943 3.43573C18.4477 3.26557 18.1584 3.17338 17.8619 3.17047C17.8014 3.1704 17.741 3.17434 17.681 3.18226C13.6384 3.71936 9.92358 5.75704 7.23049 8.91463C4.53739 12.0722 3.05024 16.1337 3.04686 20.3404C3.04686 48.9503 25.5994 72.2262 53.3201 72.2262C57.396 72.2227 61.3312 70.6877 64.3906 67.9081C67.45 65.1286 69.4243 61.2946 69.9446 57.1223C69.9817 56.7866 69.9125 56.4474 69.7473 56.1557C69.5822 55.8639 69.3299 55.6351 69.0282 55.5037V55.5033Z\"><\/path><\/svg>\t\t\t<\/div>\n\t\t<\/div>\n\t\t\t\t\t\t<\/div>\n\t\t\t\t<\/div>\n\t\t\t\t<div class=\"elementor-element elementor-element-19436d4 elementor-widget elementor-widget-heading\" data-id=\"19436d4\" data-element_type=\"widget\" data-e-type=\"widget\" data-widget_type=\"heading.default\">\n\t\t\t\t<div class=\"elementor-widget-container\">\n\t\t\t\t\t<div class=\"elementor-heading-title elementor-size-default\">Appelez-nous au<\/div>\t\t\t\t<\/div>\n\t\t\t\t<\/div>\n\t\t\t\t<div class=\"elementor-element elementor-element-6095e8a elementor-align-center elementor-icon-list--layout-traditional elementor-list-item-link-full_width elementor-widget elementor-widget-icon-list\" data-id=\"6095e8a\" data-element_type=\"widget\" data-e-type=\"widget\" data-widget_type=\"icon-list.default\">\n\t\t\t\t<div class=\"elementor-widget-container\">\n\t\t\t\t\t\t\t<ul class=\"elementor-icon-list-items\">\n\t\t\t\t\t\t\t<li class=\"elementor-icon-list-item\">\n\t\t\t\t\t\t\t\t\t\t\t<a href=\"tel:+34668522583\" target=\"_blank\">\n\n\t\t\t\t\t\t\t\t\t\t\t<span class=\"elementor-icon-list-text\">668 522 583<\/span>\n\t\t\t\t\t\t\t\t\t\t\t<\/a>\n\t\t\t\t\t\t\t\t\t<\/li>\n\t\t\t\t\t\t\t\t<li class=\"elementor-icon-list-item\">\n\t\t\t\t\t\t\t\t\t\t\t<a href=\"tel:+34637963836\" target=\"_blank\">\n\n\t\t\t\t\t\t\t\t\t\t\t<span class=\"elementor-icon-list-text\">637 963 836<\/span>\n\t\t\t\t\t\t\t\t\t\t\t<\/a>\n\t\t\t\t\t\t\t\t\t<\/li>\n\t\t\t\t\t\t<\/ul>\n\t\t\t\t\t\t<\/div>\n\t\t\t\t<\/div>\n\t\t\t\t\t<\/div>\n\t\t<\/div>\n\t\t\t\t\t<\/div>\n\t\t<\/section>\n\t\t\t\t\t<\/div>\n\t\t<\/div>\n\t\t\t\t\t<\/div>\n\t\t<\/section>\n\t\t\t\t<section class=\"elementor-section elementor-top-section elementor-element elementor-element-8644621 elementor-section-boxed elementor-section-height-default elementor-section-height-default\" data-id=\"8644621\" data-element_type=\"section\" data-e-type=\"section\" data-settings=\"{&quot;background_background&quot;:&quot;classic&quot;}\">\n\t\t\t\t\t\t<div class=\"elementor-container elementor-column-gap-default\">\n\t\t\t\t\t<div class=\"elementor-column elementor-col-100 elementor-top-column elementor-element elementor-element-a975e54\" data-id=\"a975e54\" data-element_type=\"column\" data-e-type=\"column\">\n\t\t\t<div class=\"elementor-widget-wrap elementor-element-populated\">\n\t\t\t\t\t\t<div class=\"elementor-element elementor-element-4c757ed elementor-view-default elementor-widget elementor-widget-icon\" data-id=\"4c757ed\" data-element_type=\"widget\" data-e-type=\"widget\" data-widget_type=\"icon.default\">\n\t\t\t\t<div class=\"elementor-widget-container\">\n\t\t\t\t\t\t\t<div class=\"elementor-icon-wrapper\">\n\t\t\t<div class=\"elementor-icon\">\n\t\t\t<i aria-hidden=\"true\" class=\"fab fa-whatsapp\"><\/i>\t\t\t<\/div>\n\t\t<\/div>\n\t\t\t\t\t\t<\/div>\n\t\t\t\t<\/div>\n\t\t\t\t<div class=\"elementor-element elementor-element-92e6e17 elementor-widget elementor-widget-heading\" data-id=\"92e6e17\" data-element_type=\"widget\" data-e-type=\"widget\" data-widget_type=\"heading.default\">\n\t\t\t\t<div class=\"elementor-widget-container\">\n\t\t\t\t\t<div class=\"elementor-heading-title elementor-size-default\">Avez-vous d'autres questions ?<\/div>\t\t\t\t<\/div>\n\t\t\t\t<\/div>\n\t\t\t\t<div class=\"elementor-element elementor-element-cc5fbfe elementor-align-center elementor-widget elementor-widget-button\" data-id=\"cc5fbfe\" data-element_type=\"widget\" data-e-type=\"widget\" data-widget_type=\"button.default\">\n\t\t\t\t<div class=\"elementor-widget-container\">\n\t\t\t\t\t\t\t\t\t<div class=\"elementor-button-wrapper\">\n\t\t\t\t\t<a class=\"elementor-button elementor-button-link elementor-size-sm\" href=\"https:\/\/api.whatsapp.com\/send?phone=34668522583\" target=\"_blank\" rel=\"nofollow noopener\">\n\t\t\t\t\t\t<span class=\"elementor-button-content-wrapper\">\n\t\t\t\t\t\t\t\t\t<span class=\"elementor-button-text\">\u00c9crivez-nous par WhatsApp<\/span>\n\t\t\t\t\t<\/span>\n\t\t\t\t\t<\/a>\n\t\t\t\t<\/div>\n\t\t\t\t\t\t\t\t<\/div>\n\t\t\t\t<\/div>\n\t\t\t\t\t<\/div>\n\t\t<\/div>\n\t\t\t\t\t<\/div>\n\t\t<\/section>\n\t\t\t\t<section class=\"elementor-section elementor-top-section elementor-element elementor-element-43f4975 elementor-section-full_width elementor-section-height-default elementor-section-height-default\" data-id=\"43f4975\" data-element_type=\"section\" data-e-type=\"section\">\n\t\t\t\t\t\t<div class=\"elementor-container elementor-column-gap-default\">\n\t\t\t\t\t<div class=\"elementor-column elementor-col-100 elementor-top-column elementor-element elementor-element-dd4c31a\" data-id=\"dd4c31a\" data-element_type=\"column\" data-e-type=\"column\">\n\t\t\t<div class=\"elementor-widget-wrap elementor-element-populated\">\n\t\t\t\t\t\t<div class=\"elementor-element elementor-element-ca851ea elementor-widget elementor-widget-google_maps\" data-id=\"ca851ea\" data-element_type=\"widget\" data-e-type=\"widget\" data-widget_type=\"google_maps.default\">\n\t\t\t\t<div class=\"elementor-widget-container\">\n\t\t\t\t\t\t\t<div class=\"elementor-custom-embed\">\n\t\t\t<iframe loading=\"lazy\"\n\t\t\t\t\tsrc=\"https:\/\/maps.google.com\/maps?q=Casa%20Rural%20Los%20Colmenares&#038;t=m&#038;z=10&#038;output=embed&#038;iwloc=near\"\n\t\t\t\t\ttitle=\"Maison de campagne Los Colmenares\"\n\t\t\t\t\taria-label=\"Maison de campagne Los Colmenares\"\n\t\t\t><\/iframe>\n\t\t<\/div>\n\t\t\t\t\t\t<\/div>\n\t\t\t\t<\/div>\n\t\t\t\t\t<\/div>\n\t\t<\/div>\n\t\t\t\t\t<\/div>\n\t\t<\/section>\n\t\t\t\t<\/div>","protected":false},"excerpt":{"rendered":"<p>Nous sommes \u00e0 votre disposition E-mail info@loscolmenares.com Nous sommes \u00e0 Plaza Mayor 9, 26214Cuzcurrita de R\u00edo Tir\u00f3n(La Rioja) - Espagne Voir dans Google MyBusiness Appelez-nous 668 522 583 637 963 836 Vous avez d'autres questions ? Ecrivez-nous par WhatsApp<\/p>","protected":false},"author":1,"featured_media":1421,"parent":0,"menu_order":0,"comment_status":"closed","ping_status":"closed","template":"","meta":{"_acf_changed":false,"footnotes":""},"class_list":["post-482","page","type-page","status-publish","has-post-thumbnail","hentry"],"acf":[],"_links":{"self":[{"href":"https:\/\/www.loscolmenares.com\/fr\/wp-json\/wp\/v2\/pages\/482","targetHints":{"allow":["GET"]}}],"collection":[{"href":"https:\/\/www.loscolmenares.com\/fr\/wp-json\/wp\/v2\/pages"}],"about":[{"href":"https:\/\/www.loscolmenares.com\/fr\/wp-json\/wp\/v2\/types\/page"}],"author":[{"embeddable":true,"href":"https:\/\/www.loscolmenares.com\/fr\/wp-json\/wp\/v2\/users\/1"}],"replies":[{"embeddable":true,"href":"https:\/\/www.loscolmenares.com\/fr\/wp-json\/wp\/v2\/comments?post=482"}],"version-history":[{"count":72,"href":"https:\/\/www.loscolmenares.com\/fr\/wp-json\/wp\/v2\/pages\/482\/revisions"}],"predecessor-version":[{"id":2411,"href":"https:\/\/www.loscolmenares.com\/fr\/wp-json\/wp\/v2\/pages\/482\/revisions\/2411"}],"wp:featuredmedia":[{"embeddable":true,"href":"https:\/\/www.loscolmenares.com\/fr\/wp-json\/wp\/v2\/media\/1421"}],"wp:attachment":[{"href":"https:\/\/www.loscolmenares.com\/fr\/wp-json\/wp\/v2\/media?parent=482"}],"curies":[{"name":"wp","href":"https:\/\/api.w.org\/{rel}","templated":true}]}}