{"id":708,"date":"2022-03-14T10:36:07","date_gmt":"2022-03-14T10:36:07","guid":{"rendered":"http:\/\/ii5cdb"},"modified":"2022-04-08T07:48:51","modified_gmt":"2022-04-08T07:48:51","slug":"avis-juridique","status":"publish","type":"page","link":"https:\/\/www.loscolmenares.com\/fr\/aviso-legal\/","title":{"rendered":"Avis juridique"},"content":{"rendered":"<p>Conform\u00e9ment \u00e0 l'obligation d'information contenue dans l'article 10 de la Loi 34\/2002, du 11 juillet, sur les services de la soci\u00e9t\u00e9 de l'information et le commerce \u00e9lectronique, nous vous informons que le site Web et le portail Internet https:\/\/www.loscolmenares.com (ci-apr\u00e8s, le \" site Web \") sont la propri\u00e9t\u00e9 de MIGUEL COLMENARES PLANAS, dont le si\u00e8ge social se trouve \u00e0 CALLE MAYOR n\u00ba 9 et dont le Code d'Identification Fiscale n\u00ba 07216858X. Le pr\u00e9sent avis juridique r\u00e9git les conditions d'utilisation du portail Internet susmentionn\u00e9.<\/p>\n\n\n\n<h2 class=\"wp-block-heading\">Droit applicable et juridiction<\/h2>\n\n\n\n<p>En g\u00e9n\u00e9ral, la relation entre MIGUEL COLMENARES PLANAS et les utilisateurs de ses services<br>Les syst\u00e8mes t\u00e9l\u00e9matiques pr\u00e9sents sur le site sont soumis \u00e0 la l\u00e9gislation et \u00e0 la juridiction espagnoles.<\/p>\n\n\n\n<p>Les parties renoncent express\u00e9ment \u00e0 toute autre juridiction \u00e0 laquelle elles pourraient pr\u00e9tendre et se soumettent express\u00e9ment \u00e0 la juridiction des cours et tribunaux de l'Union europ\u00e9enne.<br>Les Cours et Tribunaux de Cuzcurrita de R\u00edo Tir\u00f3n pour r\u00e9soudre toute controverse pouvant survenir dans l'interpr\u00e9tation ou l'ex\u00e9cution des pr\u00e9sentes conditions contractuelles.<\/p>\n\n\n\n<h2 class=\"wp-block-heading\">Acceptation de l'utilisateur<\/h2>\n\n\n\n<p>Le pr\u00e9sent avis juridique r\u00e9git l'acc\u00e8s et l'utilisation du site web que MIGUEL COLMENARES PLANAS met \u00e0 la disposition des utilisateurs d'Internet. Un utilisateur est consid\u00e9r\u00e9 comme la personne qui acc\u00e8de, navigue, utilise ou participe aux services et activit\u00e9s du site web.<\/p>\n\n\n\n<p>L'utilisateur est inform\u00e9 et accepte que l'acc\u00e8s \u00e0 ce site web n'implique, en aucune mani\u00e8re, le d\u00e9but d'une relation commerciale avec MIGUEL COLMENARES PLANAS.<\/p>\n\n\n\n<p>En acc\u00e9dant et en naviguant sur le site, l'utilisateur accepte l'ensemble des pr\u00e9sentes conditions d'utilisation. En cas de d\u00e9saccord avec les conditions, vous devez vous abstenir d'utiliser le site web.<\/p>\n\n\n\n<h2 class=\"wp-block-heading\">Acc\u00e8s au site web<\/h2>\n\n\n\n<p>L'acc\u00e8s au site par les utilisateurs est gratuit. Certains services peuvent faire l'objet d'un contrat pr\u00e9alable.<\/p>\n\n\n\n<p>Dans le cas o\u00f9 l'utilisateur est tenu de fournir des donn\u00e9es personnelles pour acc\u00e9der \u00e0 l'un des services, l'utilisateur doit s'assurer que les donn\u00e9es personnelles qu'il a fournies sont exactes.<br>la collecte et le traitement des donn\u00e9es seront effectu\u00e9s conform\u00e9ment \u00e0 la r\u00e9glementation en vigueur, notamment le GDPR. Pour plus d'informations, veuillez consulter notre <a href=\"https:\/\/www.loscolmenares.com\/fr\/politique-de-confidentialite\/\" target=\"_blank\" data-type=\"page\" data-id=\"15\" rel=\"noreferrer noopener\">politique de confidentialit\u00e9<\/a>.<\/p>\n\n\n\n<h2 class=\"wp-block-heading\">Contenu et utilisation<\/h2>\n\n\n\n<p>La visite du site web par l'utilisateur doit \u00eatre r\u00e9alis\u00e9e de mani\u00e8re responsable et conform\u00e9ment \u00e0 la l\u00e9gislation en vigueur, \u00e0 la bonne foi, au pr\u00e9sent avis l\u00e9gal et au respect des droits de propri\u00e9t\u00e9 intellectuelle et industrielle appartenant \u00e0 MIGUEL COLMENARES PLANAS ou \u00e0 toute autre personne physique ou morale.<\/p>\n\n\n\n<p>L'utilisation de l'un des contenus du site web \u00e0 des fins qui sont ou pourraient \u00eatre ill\u00e9gales est strictement interdite, de m\u00eame que la r\u00e9alisation de toute action qui cause ou pourrait causer des dommages ou des alt\u00e9rations de toute nature non consentis par MIGUEL COLMENARES PLANAS, au site web ou \u00e0 ses contenus.<\/p>\n\n\n\n<p>Le propri\u00e9taire du site ne s'identifie pas aux opinions qui y sont exprim\u00e9es par ses collaborateurs. L'entreprise se r\u00e9serve le droit d'effectuer des changements inopin\u00e9s qu'elle juge appropri\u00e9s sur son site web, et peut modifier, supprimer ou ajouter des contenus et des services fournis par le biais du m\u00eame que la fa\u00e7on dont ils sont pr\u00e9sent\u00e9s ou situ\u00e9s sur ses serveurs.<\/p>\n\n\n\n<h2 class=\"wp-block-heading\">Propri\u00e9t\u00e9 intellectuelle et industrielle<\/h2>\n\n\n\n<p>Les droits de propri\u00e9t\u00e9 intellectuelle du contenu des pages Web, de leur conception graphique et de leurs codes sont les suivants<br>appartenant \u00e0 MIGUEL COLMENARES PLANAS et, par cons\u00e9quent, leur reproduction ou distribution est interdite,<br>communication publique, transformation ou toute autre activit\u00e9 r\u00e9alis\u00e9e avec les contenus du site web, m\u00eame si les sources sont cit\u00e9es, sauf avec le consentement pr\u00e9alable, expr\u00e8s et \u00e9crit de MIGUEL COLMENARES PLANAS. Tous les noms commerciaux, marques ou signes distinctifs de toute nature contenus dans les pages web de l'entreprise sont la propri\u00e9t\u00e9 de leurs titulaires et sont prot\u00e9g\u00e9s par la loi.<\/p>\n\n\n\n<p>MIGUEL COLMENARES PLANAS ne conc\u00e8de aucune licence ou autorisation d'utilisation d'aucune sorte sur ses droits de propri\u00e9t\u00e9 intellectuelle et industrielle ou sur toute autre propri\u00e9t\u00e9 ou droit en rapport avec le site web, et en aucun cas il ne sera compris que l'acc\u00e8s et la navigation des utilisateurs impliquent une renonciation, une transmission, une licence ou une cession totale ou partielle desdits droits par MIGUEL COLMENARES PLANAS.<\/p>\n\n\n\n<p>Toute utilisation de ces contenus non pr\u00e9alablement autoris\u00e9e par MIGUEL COLMENARES PLANAS sera consid\u00e9r\u00e9e comme une violation grave des droits de propri\u00e9t\u00e9 intellectuelle ou industrielle et donnera lieu aux responsabilit\u00e9s l\u00e9galement \u00e9tablies. MIGUEL COLMENARES PLANAS se r\u00e9serve le droit d'exercer les actions judiciaires et extrajudiciaires correspondantes contre l'utilisateur.<\/p>\n\n\n\n<h2 class=\"wp-block-heading\">Responsabilit\u00e9 et garanties<\/h2>\n\n\n\n<p>MIGUEL COLMENARES PLANAS d\u00e9clare avoir pris les mesures n\u00e9cessaires pour que, dans les limites de ses pouvoirs, il s'assure que<br>et l'\u00e9tat de la technologie, permettent le bon fonctionnement de son site web ainsi que l'absence de virus et de composants nuisibles. Toutefois, MIGUEL COLMENARES PLANAS ne peut \u00eatre tenu responsable des situations suivantes, \u00e9num\u00e9r\u00e9es \u00e0 titre d'exemple, mais non limitatives :<\/p>\n\n\n\n<ul class=\"wp-block-list\"><li>La continuit\u00e9 et la disponibilit\u00e9 des contenus.<\/li><li>L'absence d'erreurs dans lesdits Contenus ou la correction de tout d\u00e9faut \u00e9ventuel.<\/li><li>L'absence de virus et\/ou d'autres composants nuisibles.<\/li><li>Dommages caus\u00e9s par toute personne qui viole les syst\u00e8mes de s\u00e9curit\u00e9 de MIGUEL COLMENARES PLANAS.<\/li><li>L'utilisation que les utilisateurs peuvent faire des contenus inclus dans le site web. Par cons\u00e9quent, MIGUEL COLMENARES PLANAS ne garantit pas que l'usage que les utilisateurs peuvent faire des contenus inclus dans le site web, le cas \u00e9ch\u00e9ant, soit conforme au pr\u00e9sent avis l\u00e9gal, ni que l'utilisation du site web soit r\u00e9alis\u00e9e de mani\u00e8re diligente.<\/li><li>L'utilisation par des mineurs du site web ou l'envoi de leurs donn\u00e9es personnelles sans l'autorisation de leurs tuteurs, ces derniers \u00e9tant responsables de leur utilisation d'Internet.<\/li><li>Contenu auquel l'utilisateur peut acc\u00e9der par des liens non autoris\u00e9s ou contenu introduit par les utilisateurs par le biais de commentaires ou d'outils similaires.<\/li><li>L'introduction de donn\u00e9es erron\u00e9es par l'utilisateur ou un tiers.<\/li><\/ul>\n\n\n\n<p>MIGUEL COLMENARES PLANAS peut suspendre temporairement et sans pr\u00e9avis l'acc\u00e8s au site web pour des op\u00e9rations de maintenance, de r\u00e9paration, de mise \u00e0 jour ou d'am\u00e9lioration. Toutefois, lorsque les circonstances le permettront, MIGUEL COLMENARES PLANAS informera l'utilisateur, avec un pr\u00e9avis suffisant, de la date pr\u00e9vue pour la suspension des contenus.<\/p>\n\n\n\n<p>De m\u00eame, conform\u00e9ment aux articles 11 et 16 de la Loi 34\/2002, du 11 juillet, sur les services de la soci\u00e9t\u00e9 de l'information et le commerce \u00e9lectronique (LSSICE), MIGUEL COLMENARES PLANAS s'engage \u00e0 \u00e9liminer ou, le cas \u00e9ch\u00e9ant, \u00e0 bloquer tout contenu qui pourrait affecter ou \u00eatre contraire \u00e0 la l\u00e9gislation en vigueur, aux droits des tiers ou \u00e0 la morale et \u00e0 l'ordre public.<\/p>\n\n\n\n<h2 class=\"wp-block-heading\">Cookies<\/h2>\n\n\n\n<p>MIGUEL COLMENARES PLANAS utilise des cookies pour optimiser et personnaliser votre exp\u00e9rience de navigation sur le site web. Les cookies sont des fichiers d'information physiques qui sont stock\u00e9s dans le propre terminal de l'utilisateur, les informations collect\u00e9es par les cookies sont utilis\u00e9es pour faciliter la navigation de l'utilisateur sur le portail et optimiser l'exp\u00e9rience de navigation. Les donn\u00e9es recueillies par le biais des cookies peuvent \u00eatre partag\u00e9es avec les cr\u00e9ateurs de ces derniers, mais en aucun cas les informations obtenues par ces derniers ne seront associ\u00e9es \u00e0 des donn\u00e9es personnelles ou \u00e0 des donn\u00e9es permettant d'identifier l'utilisateur.<\/p>\n\n\n\n<p>Toutefois, si vous ne souhaitez pas que des cookies soient install\u00e9s sur votre disque dur, vous pouvez configurer votre navigateur pour emp\u00eacher l'installation de ces fichiers. Pour plus d'informations, veuillez consulter notre <a href=\"https:\/\/www.loscolmenares.com\/fr\/politique-de-cookies\/\" target=\"_blank\" data-type=\"page\" data-id=\"710\" rel=\"noreferrer noopener\">Politique en mati\u00e8re de cookies<\/a>.<\/p>\n\n\n\n<h2 class=\"wp-block-heading\">Liens<\/h2>\n\n\n\n<p>La pr\u00e9sence de liens sur le site web de MIGUEL COLMENARES PLANAS vers d'autres sites Internet est purement informative et n'implique en aucun cas une suggestion, une invitation ou une recommandation \u00e0 leur \u00e9gard. MIGUEL COLMENARES PLANAS n'assume pas la responsabilit\u00e9 du contenu d'un lien appartenant \u00e0 un autre site web, ni ne garantit la fiabilit\u00e9, l'exactitude, l'exhaustivit\u00e9, la v\u00e9racit\u00e9, la validit\u00e9 et la disponibilit\u00e9 technique.<\/p>\n\n\n\n<p>Si d'autres sites web \u00e9tablissent des liens vers le site web de MIGUEL COLMENARES PLANAS, il ne sera pas consid\u00e9r\u00e9 que MIGUEL COLMENARES PLANAS a autoris\u00e9 le lien ou le contenu du site web contenant le lien, ni que la page li\u00e9e contienne des contenus inappropri\u00e9s, diffamatoires, ill\u00e9gaux, obsc\u00e8nes ou illicites, ou tout autre contenu contraire \u00e0 la l\u00e9gislation en vigueur.<\/p>\n\n\n\n<p>MIGUEL COLMENARES PLANAS se r\u00e9serve le droit de contacter le propri\u00e9taire du site web o\u00f9 le lien est \u00e9tabli s'il consid\u00e8re que la r\u00e9glementation n'est pas respect\u00e9e, ainsi que d'entreprendre les actions judiciaires et extrajudiciaires correspondantes.<\/p>\n\n\n\n<h2 class=\"wp-block-heading\">Modification des conditions<\/h2>\n\n\n\n<p>MIGUEL COLMENARES PLANAS se r\u00e9serve express\u00e9ment le droit de modifier unilat\u00e9ralement, en tout ou en partie, l'une quelconque des modifications susmentionn\u00e9es.<br>partiellement, sans pr\u00e9avis, le pr\u00e9sent avis juridique. L'utilisateur reconna\u00eet et accepte qu'il est de sa responsabilit\u00e9 de consulter p\u00e9riodiquement cet avis juridique.<\/p>","protected":false},"excerpt":{"rendered":"<p>En cumplimiento con el deber de informaci\u00f3n recogido en art\u00edculo 10 de la Ley 34\/2002, de 11 de Julio, de Servicios de la Sociedad de la Informaci\u00f3n y del Comercio Electr\u00f3nico, le informamos que el Sitio Web y el portal de Internet https:\/\/www.loscolmenares.com (en adelante, la &#8220;Web&#8221;) es titularidad de MIGUEL COLMENARES PLANAS, con domicilio [&hellip;]<\/p>\n","protected":false},"author":1,"featured_media":0,"parent":0,"menu_order":0,"comment_status":"closed","ping_status":"closed","template":"","meta":{"_acf_changed":false,"footnotes":""},"class_list":["post-708","page","type-page","status-publish","hentry"],"acf":[],"_links":{"self":[{"href":"https:\/\/www.loscolmenares.com\/fr\/wp-json\/wp\/v2\/pages\/708","targetHints":{"allow":["GET"]}}],"collection":[{"href":"https:\/\/www.loscolmenares.com\/fr\/wp-json\/wp\/v2\/pages"}],"about":[{"href":"https:\/\/www.loscolmenares.com\/fr\/wp-json\/wp\/v2\/types\/page"}],"author":[{"embeddable":true,"href":"https:\/\/www.loscolmenares.com\/fr\/wp-json\/wp\/v2\/users\/1"}],"replies":[{"embeddable":true,"href":"https:\/\/www.loscolmenares.com\/fr\/wp-json\/wp\/v2\/comments?post=708"}],"version-history":[{"count":8,"href":"https:\/\/www.loscolmenares.com\/fr\/wp-json\/wp\/v2\/pages\/708\/revisions"}],"predecessor-version":[{"id":1760,"href":"https:\/\/www.loscolmenares.com\/fr\/wp-json\/wp\/v2\/pages\/708\/revisions\/1760"}],"wp:attachment":[{"href":"https:\/\/www.loscolmenares.com\/fr\/wp-json\/wp\/v2\/media?parent=708"}],"curies":[{"name":"wp","href":"https:\/\/api.w.org\/{rel}","templated":true}]}}